{"id":261,"date":"2024-05-01T00:01:00","date_gmt":"2024-04-30T22:01:00","guid":{"rendered":"https:\/\/www.spdgransee-fuerstenberg.de\/?page_id=261"},"modified":"2024-05-03T15:38:07","modified_gmt":"2024-05-03T13:38:07","slug":"dafuer-treten-wir-ein","status":"publish","type":"page","link":"https:\/\/www.spdgransee-fuerstenberg.de\/?page_id=261","title":{"rendered":"Daf\u00fcr treten wir ein"},"content":{"rendered":"\n<p>Wir sind \u00fcberzeugt, dass Fortschritt m\u00f6glich ist. Mit viel Engagement, guten Ideen und dem richtigen Teamgeist kann es auch in unserer oft so komplizierten Welt gelingen, das Leben f\u00fcr die Menschen besser zu machen. Nicht nur f\u00fcr wenige, sondern f\u00fcr alle.Denn wir sind auch \u00fcberzeugt, dass zu einem guten Leben die Gemeinschaft und der Zusammenhalt in unserer Gesellschaft geh\u00f6rt. F\u00fcr andere da sein, die es schwerer haben. Politik bedeutet f\u00fcr uns, dass das Leben f\u00fcr jeden und jede offen ist \u2013 unabh\u00e4ngig von der Herkunft, ohne H\u00fcrden, aber mit vielen Chancen f\u00fcr den eigenen Weg.Oft sind es die gro\u00dfen Fragen nach Gerechtigkeit, Frieden und dem Kampf gegen Armut, die wir beantworten m\u00fcssen. Noch h\u00e4ufiger bewegen uns aber Fortschritte im Alltag und die kleinen, aber ganz konkreten Schritte.Vieles ist m\u00f6glich, wenn alle gemeinsam anpacken. Das lohnt sich.Freiheit, Gerechtigkeit und Solidarit\u00e4t sind die wichtigsten Werte der Sozialdemokratie \u2013 seit \u00fcber 150 Jahren schon. Auch in einer Welt, die sich schnell ver\u00e4ndert und immer neue politische L\u00f6sungen braucht, haben sie Bestand. Wir sind mehr als 425.000 Frauen und M\u00e4nner aus allen Generationen, allen Bev\u00f6lkerungsgruppen und allen Regionen unseres Landes. Wir alle sind \u00fcberzeugt, dass es besser gehen kann. Mit Zuversicht und Realismus. Das ist die SPD.<\/p>\n\n\n<div class=\"wp-block-image\">\n<figure class=\"alignleft size-full\"><a href=\"https:\/\/www.spd.de\/unterstuetzen\/mitglied-werden\" target=\"_blank\" rel=\"noreferrer noopener\"><img data-recalc-dims=\"1\" loading=\"lazy\" decoding=\"async\" width=\"250\" height=\"145\" src=\"https:\/\/i0.wp.com\/www.spdgransee-fuerstenberg.de\/wp-content\/uploads\/2024\/04\/Mitglied_Dafuer_Trete.png?resize=250%2C145&#038;ssl=1\" alt=\"\" class=\"wp-image-517\"\/><\/a><\/figure>\n<\/div>","protected":false},"excerpt":{"rendered":"<p>Wir sind \u00fcberzeugt, dass Fortschritt m\u00f6glich ist. Mit viel Engagement, guten Ideen und dem richtigen Teamgeist kann es auch in unserer oft so komplizierten Welt gelingen, das Leben f\u00fcr die Menschen besser zu machen. Nicht nur f\u00fcr wenige, sondern f\u00fcr alle.Denn wir sind auch \u00fcberzeugt, dass zu einem guten Leben die Gemeinschaft und der Zusammenhalt in unserer Gesellschaft geh\u00f6rt. F\u00fcr andere da sein, die es schwerer haben. Politik bedeutet f\u00fcr uns, dass das Leben f\u00fcr jeden und jede offen ist&#8230;<\/p>\n<p class=\"read-more\"><a class=\"btn btn-default\" href=\"https:\/\/www.spdgransee-fuerstenberg.de\/?page_id=261\">Weiterlesen<span class=\"screen-reader-text\"> Weiterlesen<\/span><\/a><\/p>\n","protected":false},"author":1,"featured_media":0,"parent":0,"menu_order":0,"comment_status":"closed","ping_status":"closed","template":"","meta":{"footnotes":""},"class_list":["post-261","page","type-page","status-publish","hentry"],"yoast_head":"<!-- This site is optimized with the Yoast SEO plugin v27.4 - https:\/\/yoast.com\/product\/yoast-seo-wordpress\/ -->\n<title>Daf\u00fcr treten wir ein -<\/title>\n<meta name=\"robots\" content=\"index, follow, max-snippet:-1, max-image-preview:large, max-video-preview:-1\" \/>\n<link rel=\"canonical\" href=\"https:\/\/www.spdgransee-fuerstenberg.de\/?page_id=261\" \/>\n<meta property=\"og:locale\" content=\"de_DE\" \/>\n<meta property=\"og:type\" content=\"article\" \/>\n<meta property=\"og:title\" content=\"Daf\u00fcr treten wir ein -\" \/>\n<meta property=\"og:description\" content=\"Wir sind \u00fcberzeugt, dass Fortschritt m\u00f6glich ist. Mit viel Engagement, guten Ideen und dem richtigen Teamgeist kann es auch in unserer oft so komplizierten Welt gelingen, das Leben f\u00fcr die Menschen besser zu machen. Nicht nur f\u00fcr wenige, sondern f\u00fcr alle.Denn wir sind auch \u00fcberzeugt, dass zu einem guten Leben die Gemeinschaft und der Zusammenhalt in unserer Gesellschaft geh\u00f6rt. F\u00fcr andere da sein, die es schwerer haben. Politik bedeutet f\u00fcr uns, dass das Leben f\u00fcr jeden und jede offen ist...Weiterlesen Weiterlesen\" \/>\n<meta property=\"og:url\" content=\"https:\/\/www.spdgransee-fuerstenberg.de\/?page_id=261\" \/>\n<meta property=\"article:modified_time\" content=\"2024-05-03T13:38:07+00:00\" \/>\n<meta property=\"og:image\" content=\"https:\/\/www.spdgransee-fuerstenberg.de\/wp-content\/uploads\/2024\/04\/Mitglied_Dafuer_Trete.png\" \/>\n<meta name=\"twitter:card\" content=\"summary_large_image\" \/>\n<meta name=\"twitter:label1\" content=\"Gesch\u00e4tzte Lesezeit\" \/>\n\t<meta name=\"twitter:data1\" content=\"1\u00a0Minute\" \/>\n<script type=\"application\/ld+json\" class=\"yoast-schema-graph\">{\"@context\":\"https:\\\/\\\/schema.org\",\"@graph\":[{\"@type\":\"WebPage\",\"@id\":\"https:\\\/\\\/www.spdgransee-fuerstenberg.de\\\/?page_id=261\",\"url\":\"https:\\\/\\\/www.spdgransee-fuerstenberg.de\\\/?page_id=261\",\"name\":\"Daf\u00fcr treten wir ein -\",\"isPartOf\":{\"@id\":\"https:\\\/\\\/www.spdgransee-fuerstenberg.de\\\/#website\"},\"primaryImageOfPage\":{\"@id\":\"https:\\\/\\\/www.spdgransee-fuerstenberg.de\\\/?page_id=261#primaryimage\"},\"image\":{\"@id\":\"https:\\\/\\\/www.spdgransee-fuerstenberg.de\\\/?page_id=261#primaryimage\"},\"thumbnailUrl\":\"https:\\\/\\\/www.spdgransee-fuerstenberg.de\\\/wp-content\\\/uploads\\\/2024\\\/04\\\/Mitglied_Dafuer_Trete.png\",\"datePublished\":\"2024-04-30T22:01:00+00:00\",\"dateModified\":\"2024-05-03T13:38:07+00:00\",\"breadcrumb\":{\"@id\":\"https:\\\/\\\/www.spdgransee-fuerstenberg.de\\\/?page_id=261#breadcrumb\"},\"inLanguage\":\"de\",\"potentialAction\":[{\"@type\":\"ReadAction\",\"target\":[\"https:\\\/\\\/www.spdgransee-fuerstenberg.de\\\/?page_id=261\"]}]},{\"@type\":\"ImageObject\",\"inLanguage\":\"de\",\"@id\":\"https:\\\/\\\/www.spdgransee-fuerstenberg.de\\\/?page_id=261#primaryimage\",\"url\":\"https:\\\/\\\/i0.wp.com\\\/www.spdgransee-fuerstenberg.de\\\/wp-content\\\/uploads\\\/2024\\\/04\\\/Mitglied_Dafuer_Trete.png?fit=250%2C145&ssl=1\",\"contentUrl\":\"https:\\\/\\\/i0.wp.com\\\/www.spdgransee-fuerstenberg.de\\\/wp-content\\\/uploads\\\/2024\\\/04\\\/Mitglied_Dafuer_Trete.png?fit=250%2C145&ssl=1\",\"width\":250,\"height\":145},{\"@type\":\"BreadcrumbList\",\"@id\":\"https:\\\/\\\/www.spdgransee-fuerstenberg.de\\\/?page_id=261#breadcrumb\",\"itemListElement\":[{\"@type\":\"ListItem\",\"position\":1,\"name\":\"Startseite\",\"item\":\"https:\\\/\\\/www.spdgransee-fuerstenberg.de\\\/\"},{\"@type\":\"ListItem\",\"position\":2,\"name\":\"Daf\u00fcr treten wir ein\"}]},{\"@type\":\"WebSite\",\"@id\":\"https:\\\/\\\/www.spdgransee-fuerstenberg.de\\\/#website\",\"url\":\"https:\\\/\\\/www.spdgransee-fuerstenberg.de\\\/\",\"name\":\"\",\"description\":\"\",\"potentialAction\":[{\"@type\":\"SearchAction\",\"target\":{\"@type\":\"EntryPoint\",\"urlTemplate\":\"https:\\\/\\\/www.spdgransee-fuerstenberg.de\\\/?s={search_term_string}\"},\"query-input\":{\"@type\":\"PropertyValueSpecification\",\"valueRequired\":true,\"valueName\":\"search_term_string\"}}],\"inLanguage\":\"de\"}]}<\/script>\n<!-- \/ Yoast SEO plugin. -->","yoast_head_json":{"title":"Daf\u00fcr treten wir ein -","robots":{"index":"index","follow":"follow","max-snippet":"max-snippet:-1","max-image-preview":"max-image-preview:large","max-video-preview":"max-video-preview:-1"},"canonical":"https:\/\/www.spdgransee-fuerstenberg.de\/?page_id=261","og_locale":"de_DE","og_type":"article","og_title":"Daf\u00fcr treten wir ein -","og_description":"Wir sind \u00fcberzeugt, dass Fortschritt m\u00f6glich ist. Mit viel Engagement, guten Ideen und dem richtigen Teamgeist kann es auch in unserer oft so komplizierten Welt gelingen, das Leben f\u00fcr die Menschen besser zu machen. Nicht nur f\u00fcr wenige, sondern f\u00fcr alle.Denn wir sind auch \u00fcberzeugt, dass zu einem guten Leben die Gemeinschaft und der Zusammenhalt in unserer Gesellschaft geh\u00f6rt. F\u00fcr andere da sein, die es schwerer haben. Politik bedeutet f\u00fcr uns, dass das Leben f\u00fcr jeden und jede offen ist...Weiterlesen Weiterlesen","og_url":"https:\/\/www.spdgransee-fuerstenberg.de\/?page_id=261","article_modified_time":"2024-05-03T13:38:07+00:00","og_image":[{"url":"https:\/\/www.spdgransee-fuerstenberg.de\/wp-content\/uploads\/2024\/04\/Mitglied_Dafuer_Trete.png","type":"","width":"","height":""}],"twitter_card":"summary_large_image","twitter_misc":{"Gesch\u00e4tzte Lesezeit":"1\u00a0Minute"},"schema":{"@context":"https:\/\/schema.org","@graph":[{"@type":"WebPage","@id":"https:\/\/www.spdgransee-fuerstenberg.de\/?page_id=261","url":"https:\/\/www.spdgransee-fuerstenberg.de\/?page_id=261","name":"Daf\u00fcr treten wir ein -","isPartOf":{"@id":"https:\/\/www.spdgransee-fuerstenberg.de\/#website"},"primaryImageOfPage":{"@id":"https:\/\/www.spdgransee-fuerstenberg.de\/?page_id=261#primaryimage"},"image":{"@id":"https:\/\/www.spdgransee-fuerstenberg.de\/?page_id=261#primaryimage"},"thumbnailUrl":"https:\/\/www.spdgransee-fuerstenberg.de\/wp-content\/uploads\/2024\/04\/Mitglied_Dafuer_Trete.png","datePublished":"2024-04-30T22:01:00+00:00","dateModified":"2024-05-03T13:38:07+00:00","breadcrumb":{"@id":"https:\/\/www.spdgransee-fuerstenberg.de\/?page_id=261#breadcrumb"},"inLanguage":"de","potentialAction":[{"@type":"ReadAction","target":["https:\/\/www.spdgransee-fuerstenberg.de\/?page_id=261"]}]},{"@type":"ImageObject","inLanguage":"de","@id":"https:\/\/www.spdgransee-fuerstenberg.de\/?page_id=261#primaryimage","url":"https:\/\/i0.wp.com\/www.spdgransee-fuerstenberg.de\/wp-content\/uploads\/2024\/04\/Mitglied_Dafuer_Trete.png?fit=250%2C145&ssl=1","contentUrl":"https:\/\/i0.wp.com\/www.spdgransee-fuerstenberg.de\/wp-content\/uploads\/2024\/04\/Mitglied_Dafuer_Trete.png?fit=250%2C145&ssl=1","width":250,"height":145},{"@type":"BreadcrumbList","@id":"https:\/\/www.spdgransee-fuerstenberg.de\/?page_id=261#breadcrumb","itemListElement":[{"@type":"ListItem","position":1,"name":"Startseite","item":"https:\/\/www.spdgransee-fuerstenberg.de\/"},{"@type":"ListItem","position":2,"name":"Daf\u00fcr treten wir ein"}]},{"@type":"WebSite","@id":"https:\/\/www.spdgransee-fuerstenberg.de\/#website","url":"https:\/\/www.spdgransee-fuerstenberg.de\/","name":"","description":"","potentialAction":[{"@type":"SearchAction","target":{"@type":"EntryPoint","urlTemplate":"https:\/\/www.spdgransee-fuerstenberg.de\/?s={search_term_string}"},"query-input":{"@type":"PropertyValueSpecification","valueRequired":true,"valueName":"search_term_string"}}],"inLanguage":"de"}]}},"jetpack_sharing_enabled":true,"_links":{"self":[{"href":"https:\/\/www.spdgransee-fuerstenberg.de\/index.php?rest_route=\/wp\/v2\/pages\/261","targetHints":{"allow":["GET"]}}],"collection":[{"href":"https:\/\/www.spdgransee-fuerstenberg.de\/index.php?rest_route=\/wp\/v2\/pages"}],"about":[{"href":"https:\/\/www.spdgransee-fuerstenberg.de\/index.php?rest_route=\/wp\/v2\/types\/page"}],"author":[{"embeddable":true,"href":"https:\/\/www.spdgransee-fuerstenberg.de\/index.php?rest_route=\/wp\/v2\/users\/1"}],"replies":[{"embeddable":true,"href":"https:\/\/www.spdgransee-fuerstenberg.de\/index.php?rest_route=%2Fwp%2Fv2%2Fcomments&post=261"}],"version-history":[{"count":4,"href":"https:\/\/www.spdgransee-fuerstenberg.de\/index.php?rest_route=\/wp\/v2\/pages\/261\/revisions"}],"predecessor-version":[{"id":519,"href":"https:\/\/www.spdgransee-fuerstenberg.de\/index.php?rest_route=\/wp\/v2\/pages\/261\/revisions\/519"}],"wp:attachment":[{"href":"https:\/\/www.spdgransee-fuerstenberg.de\/index.php?rest_route=%2Fwp%2Fv2%2Fmedia&parent=261"}],"curies":[{"name":"wp","href":"https:\/\/api.w.org\/{rel}","templated":true}]}}