{"id":3,"date":"2024-05-01T00:01:00","date_gmt":"2024-04-30T22:01:00","guid":{"rendered":"https:\/\/www.spdgransee-fuerstenberg.de\/?page_id=3"},"modified":"2024-05-03T15:38:27","modified_gmt":"2024-05-03T13:38:27","slug":"datenschutzerklaerung","status":"publish","type":"page","link":"https:\/\/www.spdgransee-fuerstenberg.de\/?page_id=3","title":{"rendered":"Datenschutzerkl\u00e4rung"},"content":{"rendered":"\n<h2 class=\"wp-block-heading\"><strong class=\"privacy-policy-tutorial\"><\/strong><strong class=\"privacy-policy-tutorial\"><\/strong><strong class=\"privacy-policy-tutorial\"><\/strong> <\/h2>\n\n\n\n<pre class=\"wp-block-preformatted\"><strong>Geltungsbereich und Umgang mit personenbezogenen Daten<\/strong><br><br>Diese Datenschutzerkl\u00e4rung informiert die Nutzer dar\u00fcber, in welchem Umfang und zu welchem Zwecke die Erhebung und Verarbeitung personenbezogener Daten erfolgt.<\/pre>\n\n\n\n<pre class=\"wp-block-preformatted\">Verantwortlich f\u00fcr diese Website ist folgender Anbieter:<\/pre>\n\n\n\n<pre class=\"wp-block-preformatted\"><em>Steven Roltsch<\/em><br>Rudolf-Breitscheid-Stra\u00dfe 20<br>16775 Gransee<br>&#83;&#x50;&#68;&#x4f;&#114;&#x74;&#115;&#x76;&#101;&#x72;&#101;&#x69;&#110;&#x47;&#114;&#x61;&#110;&#x73;&#101;&#x65;&#70;&#x75;&#101;&#x72;&#115;&#x74;&#101;&#x6e;&#98;&#x65;&#114;&#x67;&#64;&#x67;&#109;&#x78;&#46;&#x64;&#101;<br><\/pre>\n\n\n\n<pre class=\"wp-block-preformatted\">Die gesetzlichen Regelungen zum Datenschutz gehen aus der <a href=\"https:\/\/www.bussgeldkatalog.org\/eu-datenschutzgrundverordnung\/\">europ\u00e4ischen Datenschutzgrundverordnung<\/a> hervor. Das <a href=\"https:\/\/www.bussgeldkatalog.org\/bdsg\/\">Bundesdatenschutzgesetz (BDSG)<\/a> und das Telemediengesetz (TMG) gelten erg\u00e4nzend.<\/pre>\n\n\n\n<pre class=\"wp-block-preformatted\">Zu den personenbezogenen Daten geh\u00f6ren beispielsweise der Name, die Anschrift oder das Geburtsdatum des Nutzers (vgl. Art. 4 DSGVO). Diese Informationen werden nur gem\u00e4\u00df der gesetzlichen Datenschutzbestimmungen auf der Website erhoben und verarbeitet.<\/pre>\n\n\n\n<pre class=\"wp-block-preformatted\"><strong>Zugriffsdaten<\/strong>\n\nDer Seitenbetreiber erhebt, auf Grund eines berechtigten Interesses folgende Daten:<\/pre>\n\n\n\n<pre class=\"wp-block-preformatted\">Zielwebsite<\/pre>\n\n\n\n<pre class=\"wp-block-preformatted\">Zeitpunkt des Zugriffs<\/pre>\n\n\n\n<pre class=\"wp-block-preformatted\">Gesendete Datenmenge<\/pre>\n\n\n\n<pre class=\"wp-block-preformatted\">Quellseite<\/pre>\n\n\n\n<pre class=\"wp-block-preformatted\">verwendeter Browser<\/pre>\n\n\n\n<pre class=\"wp-block-preformatted\">Verwendetes Betriebssystem<\/pre>\n\n\n\n<pre class=\"wp-block-preformatted\">IP-Adresse<\/pre>\n\n\n\n<pre class=\"wp-block-preformatted\">Die Daten werden maximal 7 Tage gespeichert und anschlie\u00dfend gel\u00f6scht. Die Speicherung dient der Sicherheit, um Missbrauch verfolgen und aufkl\u00e4ren zu k\u00f6nnen. Tritt ein solcher Fall ein, k\u00f6nnen die betroffenen Daten bis zur Kl\u00e4rung des Vorfalls gespeichert bleiben.<\/pre>\n\n\n\n<pre class=\"wp-block-preformatted\"><strong>Erfassung und Verarbeitung personenbezogener Daten<\/strong><\/pre>\n\n\n\n<pre class=\"wp-block-preformatted\">Die im Rahmen der Nutzung anfallenden personenbezogenen Daten, die durch den Betreiber erhoben werden, werden nur mit ausdr\u00fccklicher Einverst\u00e4ndniserkl\u00e4rung oder unter Anwendung gesetzlicher Regeln weitergegeben. Auch hier gelten die Betroffenenrechte auf L\u00f6schung, Korrektur etc.<\/pre>\n\n\n\n<pre class=\"wp-block-preformatted\">Bei einer anonymen Nutzung der Seite werden nur die nicht personenbezogenen Daten gespeichert und dazu verwendet das Online-Angebot zu verbessern. Eine R\u00fcckverfolgung \u00fcber diese Daten ist nicht m\u00f6glich.<\/pre>\n\n\n\n<pre class=\"wp-block-preformatted\"><strong>Cookies<\/strong><br>Um die Nutzerfreundlichkeit auf der Website zu verbessern, werden sog. Cookies verwendet. Sie erm\u00f6glichen Nutzern, die wiederholt die Website besuchen, einen leichteren Zugang. Cookies sind kleine Dateien, die vom Browser des Nutzers auf den PC dessen \u00fcbertragen und dort gespeichert werden. Diese Wiedererkennung ist m\u00f6glich, weil die Cookies auch die IP-Adresse \u00fcbermitteln.<\/pre>\n\n\n\n<pre class=\"wp-block-preformatted\">Nutzer m\u00fcssen dies nicht zulassen, denn die Browser <a href=\"https:\/\/www.bussgeldkatalog.org\/halten-parken\/\">halten<\/a> M\u00f6glichkeiten bereit, die Speicherung von Cookies auszuschalten oder zumindest einzuschr\u00e4nken. In diesem Zusammeist darauf hinzuweisen, dass dann ggf. die vollumf\u00e4ngliche Nutzung der Website nicht gegeben ist.<\/pre>\n\n\n\n<pre class=\"wp-block-preformatted\">U<strong>mgang mit \u00f6ffentlichen Kommentaren und Beitr\u00e4gen<\/strong><\/pre>\n\n\n\n<pre class=\"wp-block-preformatted\">Um auf der Seite die Rechte der Nutzer sch\u00fctzen zu k\u00f6nnen, speichern wir, wenn Sie einen Beitrag oder Kommentar hinterlassen die IP-Adresse. Damit soll eine Verfolgung illegaler Inhalte erm\u00f6glicht werden.<\/pre>\n\n\n\n<pre class=\"wp-block-preformatted\"><strong><a href=\"https:\/\/www.bussgeldkatalog.org\/34-bdsg\/\">Recht auf Auskunft<\/a>\/L\u00f6schung\/Widerruf<\/strong><br>Die Datenschutzgrundverordnung r\u00e4umt es dem Nutzer ein, sich unentgeltlich bei dem Betreiber der Website dar\u00fcber zu informieren, welche personenbezogenen Daten gespeichert werden. Dar\u00fcber hinaus steht es diesem zu, eine L\u00f6schung, Sperrung oder Berichtigung falscher Daten zu veranlassen, soweit keine gesetzliche Aufbewahrungspflicht zu beachten ist.<\/pre>\n","protected":false},"excerpt":{"rendered":"<p>Geltungsbereich und Umgang mit personenbezogenen DatenDiese Datenschutzerkl\u00e4rung informiert die Nutzer dar\u00fcber, in welchem Umfang und zu welchem Zwecke die Erhebung und Verarbeitung personenbezogener Daten erfolgt. Verantwortlich f\u00fcr diese Website ist folgender Anbieter: Steven RoltschRudolf-Breitscheid-Stra\u00dfe 2016775 Gransee&#83;&#x50;D&#79;&#x72;t&#115;&#x76;e&#114;&#x65;i&#110;&#x47;&#114;&#x61;&#x6e;&#115;&#x65;&#x65;&#70;&#x75;e&#114;&#x73;t&#101;&#x6e;b&#101;&#x72;g&#64;&#x67;&#109;&#x78;&#x2e;&#100;&#x65; Die gesetzlichen Regelungen zum Datenschutz gehen aus der europ\u00e4ischen Datenschutzgrundverordnung hervor. Das Bundesdatenschutzgesetz (BDSG) und das Telemediengesetz (TMG) gelten erg\u00e4nzend. Zu den personenbezogenen Daten geh\u00f6ren beispielsweise der Name, die Anschrift oder das Geburtsdatum des Nutzers (vgl. Art. 4 DSGVO). Diese Informationen werden nur gem\u00e4\u00df&#8230;<\/p>\n<p class=\"read-more\"><a class=\"btn btn-default\" href=\"https:\/\/www.spdgransee-fuerstenberg.de\/?page_id=3\">Weiterlesen<span class=\"screen-reader-text\"> Weiterlesen<\/span><\/a><\/p>\n","protected":false},"author":1,"featured_media":0,"parent":0,"menu_order":0,"comment_status":"closed","ping_status":"open","template":"","meta":{"footnotes":""},"class_list":["post-3","page","type-page","status-publish","hentry"],"yoast_head":"<!-- This site is optimized with the Yoast SEO plugin v27.3 - https:\/\/yoast.com\/product\/yoast-seo-wordpress\/ -->\n<title>Datenschutzerkl\u00e4rung -<\/title>\n<meta name=\"robots\" content=\"index, follow, max-snippet:-1, max-image-preview:large, max-video-preview:-1\" \/>\n<link rel=\"canonical\" href=\"https:\/\/www.spdgransee-fuerstenberg.de\/?page_id=3\" \/>\n<meta property=\"og:locale\" content=\"de_DE\" \/>\n<meta property=\"og:type\" content=\"article\" \/>\n<meta property=\"og:title\" content=\"Datenschutzerkl\u00e4rung -\" \/>\n<meta property=\"og:description\" content=\"Geltungsbereich und Umgang mit personenbezogenen DatenDiese Datenschutzerkl\u00e4rung informiert die Nutzer dar\u00fcber, in welchem Umfang und zu welchem Zwecke die Erhebung und Verarbeitung personenbezogener Daten erfolgt. Verantwortlich f\u00fcr diese Website ist folgender Anbieter: Steven RoltschRudolf-Breitscheid-Stra\u00dfe 2016775 Gransee&#x53;&#x50;&#068;O&#x72;&#x74;&#x73;&#118;e&#x72;&#x65;&#x69;&#110;G&#x72;&#x61;&#x6e;&#115;e&#x65;&#x46;&#x75;&#101;r&#x73;&#x74;&#x65;&#110;b&#x65;&#x72;&#x67;&#064;g&#x6d;&#x78;&#x2e;&#100;e Die gesetzlichen Regelungen zum Datenschutz gehen aus der europ\u00e4ischen Datenschutzgrundverordnung hervor. Das Bundesdatenschutzgesetz (BDSG) und das Telemediengesetz (TMG) gelten erg\u00e4nzend. Zu den personenbezogenen Daten geh\u00f6ren beispielsweise der Name, die Anschrift oder das Geburtsdatum des Nutzers (vgl. Art. 4 DSGVO). Diese Informationen werden nur gem\u00e4\u00df...Weiterlesen Weiterlesen\" \/>\n<meta property=\"og:url\" content=\"https:\/\/www.spdgransee-fuerstenberg.de\/?page_id=3\" \/>\n<meta property=\"article:modified_time\" content=\"2024-05-03T13:38:27+00:00\" \/>\n<meta name=\"twitter:card\" content=\"summary_large_image\" \/>\n<meta name=\"twitter:label1\" content=\"Gesch\u00e4tzte Lesezeit\" \/>\n\t<meta name=\"twitter:data1\" content=\"2\u00a0Minuten\" \/>\n<script type=\"application\/ld+json\" class=\"yoast-schema-graph\">{\"@context\":\"https:\\\/\\\/schema.org\",\"@graph\":[{\"@type\":\"WebPage\",\"@id\":\"https:\\\/\\\/www.spdgransee-fuerstenberg.de\\\/?page_id=3\",\"url\":\"https:\\\/\\\/www.spdgransee-fuerstenberg.de\\\/?page_id=3\",\"name\":\"Datenschutzerkl\u00e4rung -\",\"isPartOf\":{\"@id\":\"https:\\\/\\\/www.spdgransee-fuerstenberg.de\\\/#website\"},\"datePublished\":\"2024-04-30T22:01:00+00:00\",\"dateModified\":\"2024-05-03T13:38:27+00:00\",\"breadcrumb\":{\"@id\":\"https:\\\/\\\/www.spdgransee-fuerstenberg.de\\\/?page_id=3#breadcrumb\"},\"inLanguage\":\"de\",\"potentialAction\":[{\"@type\":\"ReadAction\",\"target\":[\"https:\\\/\\\/www.spdgransee-fuerstenberg.de\\\/?page_id=3\"]}]},{\"@type\":\"BreadcrumbList\",\"@id\":\"https:\\\/\\\/www.spdgransee-fuerstenberg.de\\\/?page_id=3#breadcrumb\",\"itemListElement\":[{\"@type\":\"ListItem\",\"position\":1,\"name\":\"Startseite\",\"item\":\"https:\\\/\\\/www.spdgransee-fuerstenberg.de\\\/\"},{\"@type\":\"ListItem\",\"position\":2,\"name\":\"Datenschutzerkl\u00e4rung\"}]},{\"@type\":\"WebSite\",\"@id\":\"https:\\\/\\\/www.spdgransee-fuerstenberg.de\\\/#website\",\"url\":\"https:\\\/\\\/www.spdgransee-fuerstenberg.de\\\/\",\"name\":\"\",\"description\":\"\",\"potentialAction\":[{\"@type\":\"SearchAction\",\"target\":{\"@type\":\"EntryPoint\",\"urlTemplate\":\"https:\\\/\\\/www.spdgransee-fuerstenberg.de\\\/?s={search_term_string}\"},\"query-input\":{\"@type\":\"PropertyValueSpecification\",\"valueRequired\":true,\"valueName\":\"search_term_string\"}}],\"inLanguage\":\"de\"}]}<\/script>\n<!-- \/ Yoast SEO plugin. -->","yoast_head_json":{"title":"Datenschutzerkl\u00e4rung -","robots":{"index":"index","follow":"follow","max-snippet":"max-snippet:-1","max-image-preview":"max-image-preview:large","max-video-preview":"max-video-preview:-1"},"canonical":"https:\/\/www.spdgransee-fuerstenberg.de\/?page_id=3","og_locale":"de_DE","og_type":"article","og_title":"Datenschutzerkl\u00e4rung -","og_description":"Geltungsbereich und Umgang mit personenbezogenen DatenDiese Datenschutzerkl\u00e4rung informiert die Nutzer dar\u00fcber, in welchem Umfang und zu welchem Zwecke die Erhebung und Verarbeitung personenbezogener Daten erfolgt. Verantwortlich f\u00fcr diese Website ist folgender Anbieter: Steven RoltschRudolf-Breitscheid-Stra\u00dfe 2016775 Gransee&#x53;&#x50;&#68;O&#x72;&#x74;&#x73;&#118;e&#x72;&#x65;&#x69;&#110;G&#x72;&#x61;&#x6e;&#115;e&#x65;&#x46;&#x75;&#101;r&#x73;&#x74;&#x65;&#110;b&#x65;&#x72;&#x67;&#64;g&#x6d;&#x78;&#x2e;&#100;e Die gesetzlichen Regelungen zum Datenschutz gehen aus der europ\u00e4ischen Datenschutzgrundverordnung hervor. Das Bundesdatenschutzgesetz (BDSG) und das Telemediengesetz (TMG) gelten erg\u00e4nzend. Zu den personenbezogenen Daten geh\u00f6ren beispielsweise der Name, die Anschrift oder das Geburtsdatum des Nutzers (vgl. Art. 4 DSGVO). Diese Informationen werden nur gem\u00e4\u00df...Weiterlesen Weiterlesen","og_url":"https:\/\/www.spdgransee-fuerstenberg.de\/?page_id=3","article_modified_time":"2024-05-03T13:38:27+00:00","twitter_card":"summary_large_image","twitter_misc":{"Gesch\u00e4tzte Lesezeit":"2\u00a0Minuten"},"schema":{"@context":"https:\/\/schema.org","@graph":[{"@type":"WebPage","@id":"https:\/\/www.spdgransee-fuerstenberg.de\/?page_id=3","url":"https:\/\/www.spdgransee-fuerstenberg.de\/?page_id=3","name":"Datenschutzerkl\u00e4rung -","isPartOf":{"@id":"https:\/\/www.spdgransee-fuerstenberg.de\/#website"},"datePublished":"2024-04-30T22:01:00+00:00","dateModified":"2024-05-03T13:38:27+00:00","breadcrumb":{"@id":"https:\/\/www.spdgransee-fuerstenberg.de\/?page_id=3#breadcrumb"},"inLanguage":"de","potentialAction":[{"@type":"ReadAction","target":["https:\/\/www.spdgransee-fuerstenberg.de\/?page_id=3"]}]},{"@type":"BreadcrumbList","@id":"https:\/\/www.spdgransee-fuerstenberg.de\/?page_id=3#breadcrumb","itemListElement":[{"@type":"ListItem","position":1,"name":"Startseite","item":"https:\/\/www.spdgransee-fuerstenberg.de\/"},{"@type":"ListItem","position":2,"name":"Datenschutzerkl\u00e4rung"}]},{"@type":"WebSite","@id":"https:\/\/www.spdgransee-fuerstenberg.de\/#website","url":"https:\/\/www.spdgransee-fuerstenberg.de\/","name":"","description":"","potentialAction":[{"@type":"SearchAction","target":{"@type":"EntryPoint","urlTemplate":"https:\/\/www.spdgransee-fuerstenberg.de\/?s={search_term_string}"},"query-input":{"@type":"PropertyValueSpecification","valueRequired":true,"valueName":"search_term_string"}}],"inLanguage":"de"}]}},"jetpack_sharing_enabled":true,"_links":{"self":[{"href":"https:\/\/www.spdgransee-fuerstenberg.de\/index.php?rest_route=\/wp\/v2\/pages\/3","targetHints":{"allow":["GET"]}}],"collection":[{"href":"https:\/\/www.spdgransee-fuerstenberg.de\/index.php?rest_route=\/wp\/v2\/pages"}],"about":[{"href":"https:\/\/www.spdgransee-fuerstenberg.de\/index.php?rest_route=\/wp\/v2\/types\/page"}],"author":[{"embeddable":true,"href":"https:\/\/www.spdgransee-fuerstenberg.de\/index.php?rest_route=\/wp\/v2\/users\/1"}],"replies":[{"embeddable":true,"href":"https:\/\/www.spdgransee-fuerstenberg.de\/index.php?rest_route=%2Fwp%2Fv2%2Fcomments&post=3"}],"version-history":[{"count":3,"href":"https:\/\/www.spdgransee-fuerstenberg.de\/index.php?rest_route=\/wp\/v2\/pages\/3\/revisions"}],"predecessor-version":[{"id":570,"href":"https:\/\/www.spdgransee-fuerstenberg.de\/index.php?rest_route=\/wp\/v2\/pages\/3\/revisions\/570"}],"wp:attachment":[{"href":"https:\/\/www.spdgransee-fuerstenberg.de\/index.php?rest_route=%2Fwp%2Fv2%2Fmedia&parent=3"}],"curies":[{"name":"wp","href":"https:\/\/api.w.org\/{rel}","templated":true}]}}